{"id":18,"date":"2023-11-21T08:43:00","date_gmt":"2023-11-21T07:43:00","guid":{"rendered":"http:\/\/heidis.datanom.fi\/stader\/?page_id=18"},"modified":"2023-11-21T08:43:00","modified_gmt":"2023-11-21T07:43:00","slug":"startsida","status":"publish","type":"page","link":"https:\/\/heidis.datanom.fi\/stader\/startsida\/","title":{"rendered":"Startsida"},"content":{"rendered":"\n<p><strong>Faktasidor om nordens huvudst\u00e4der<\/strong><br>Stockholm \u00e4r Sveriges huvudstad. \u201cStorstockholm\u201d har 1384000 inv. och kommunen Stockholm har 649384 inv. Staden grundades p\u00e5 1500-talet, och den ligger vid sj\u00f6n M\u00e4laren. Oslo: Norges huvudstad heter Oslo. Oslo har 450000inv. och staden ligger vid Loelvas utlopp. Helsingfors: Huvudstaden i Finland heter Helsingfors. Staden har \u00f6ver 485000inv. och \u00e4r landets st\u00f6rsta indusristad. Helsingfors grundades \u00e5r 1500. K\u00f6penhamn: Nordens st\u00f6rsta stad heter K\u00f6penhamn och \u00e4r huvudstad i Danmark. \u201cStork\u00f6penhamn\u201d har 1365000inv. K\u00f6penhamn ligger p\u00e5 \u00f6n Sj\u00e4lland vid \u00d6resund.<\/p>\n","protected":false},"excerpt":{"rendered":"<p>Faktasidor om nordens huvudst\u00e4derStockholm \u00e4r Sveriges huvudstad. \u201cStorstockholm\u201d har 1384000 inv. och kommunen Stockholm har 649384 inv. Staden grundades p\u00e5 1500-talet, och den ligger vid sj\u00f6n M\u00e4laren. Oslo: Norges huvudstad heter Oslo. Oslo har 450000inv. och staden ligger vid Loelvas utlopp. Helsingfors: Huvudstaden i Finland heter Helsingfors. Staden har \u00f6ver 485000inv. och \u00e4r landets st\u00f6rsta [&hellip;]<\/p>\n","protected":false},"author":1,"featured_media":0,"parent":0,"menu_order":0,"comment_status":"closed","ping_status":"closed","template":"","meta":{"footnotes":""},"class_list":["post-18","page","type-page","status-publish","hentry"],"yoast_head":"<!-- This site is optimized with the Yoast SEO plugin v21.5 - https:\/\/yoast.com\/wordpress\/plugins\/seo\/ -->\n<title>Startsida - Nordens huvudst\u00e4der<\/title>\n<meta name=\"robots\" content=\"index, follow, max-snippet:-1, max-image-preview:large, max-video-preview:-1\" \/>\n<link rel=\"canonical\" href=\"https:\/\/heidis.datanom.fi\/stader\/startsida\/\" \/>\n<meta property=\"og:locale\" content=\"sv_SE\" \/>\n<meta property=\"og:type\" content=\"article\" \/>\n<meta property=\"og:title\" content=\"Startsida - Nordens huvudst\u00e4der\" \/>\n<meta property=\"og:description\" content=\"Faktasidor om nordens huvudst\u00e4derStockholm \u00e4r Sveriges huvudstad. \u201cStorstockholm\u201d har 1384000 inv. och kommunen Stockholm har 649384 inv. Staden grundades p\u00e5 1500-talet, och den ligger vid sj\u00f6n M\u00e4laren. Oslo: Norges huvudstad heter Oslo. Oslo har 450000inv. och staden ligger vid Loelvas utlopp. Helsingfors: Huvudstaden i Finland heter Helsingfors. Staden har \u00f6ver 485000inv. och \u00e4r landets st\u00f6rsta [&hellip;]\" \/>\n<meta property=\"og:url\" content=\"https:\/\/heidis.datanom.fi\/stader\/startsida\/\" \/>\n<meta property=\"og:site_name\" content=\"Nordens huvudst\u00e4der\" \/>\n<meta name=\"twitter:card\" content=\"summary_large_image\" \/>\n<script type=\"application\/ld+json\" class=\"yoast-schema-graph\">{\"@context\":\"https:\/\/schema.org\",\"@graph\":[{\"@type\":\"WebPage\",\"@id\":\"https:\/\/heidis.datanom.fi\/stader\/startsida\/\",\"url\":\"https:\/\/heidis.datanom.fi\/stader\/startsida\/\",\"name\":\"Startsida - Nordens huvudst\u00e4der\",\"isPartOf\":{\"@id\":\"https:\/\/heidis.datanom.fi\/stader\/#website\"},\"datePublished\":\"2023-11-21T07:43:00+00:00\",\"dateModified\":\"2023-11-21T07:43:00+00:00\",\"breadcrumb\":{\"@id\":\"https:\/\/heidis.datanom.fi\/stader\/startsida\/#breadcrumb\"},\"inLanguage\":\"sv-SE\",\"potentialAction\":[{\"@type\":\"ReadAction\",\"target\":[\"https:\/\/heidis.datanom.fi\/stader\/startsida\/\"]}]},{\"@type\":\"BreadcrumbList\",\"@id\":\"https:\/\/heidis.datanom.fi\/stader\/startsida\/#breadcrumb\",\"itemListElement\":[{\"@type\":\"ListItem\",\"position\":1,\"name\":\"Hem\",\"item\":\"https:\/\/heidis.datanom.fi\/stader\/\"},{\"@type\":\"ListItem\",\"position\":2,\"name\":\"Startsida\"}]},{\"@type\":\"WebSite\",\"@id\":\"https:\/\/heidis.datanom.fi\/stader\/#website\",\"url\":\"https:\/\/heidis.datanom.fi\/stader\/\",\"name\":\"Nordens huvudst\u00e4der\",\"description\":\"\",\"potentialAction\":[{\"@type\":\"SearchAction\",\"target\":{\"@type\":\"EntryPoint\",\"urlTemplate\":\"https:\/\/heidis.datanom.fi\/stader\/?s={search_term_string}\"},\"query-input\":\"required name=search_term_string\"}],\"inLanguage\":\"sv-SE\"}]}<\/script>\n<!-- \/ Yoast SEO plugin. -->","yoast_head_json":{"title":"Startsida - Nordens huvudst\u00e4der","robots":{"index":"index","follow":"follow","max-snippet":"max-snippet:-1","max-image-preview":"max-image-preview:large","max-video-preview":"max-video-preview:-1"},"canonical":"https:\/\/heidis.datanom.fi\/stader\/startsida\/","og_locale":"sv_SE","og_type":"article","og_title":"Startsida - Nordens huvudst\u00e4der","og_description":"Faktasidor om nordens huvudst\u00e4derStockholm \u00e4r Sveriges huvudstad. \u201cStorstockholm\u201d har 1384000 inv. och kommunen Stockholm har 649384 inv. Staden grundades p\u00e5 1500-talet, och den ligger vid sj\u00f6n M\u00e4laren. Oslo: Norges huvudstad heter Oslo. Oslo har 450000inv. och staden ligger vid Loelvas utlopp. Helsingfors: Huvudstaden i Finland heter Helsingfors. Staden har \u00f6ver 485000inv. och \u00e4r landets st\u00f6rsta [&hellip;]","og_url":"https:\/\/heidis.datanom.fi\/stader\/startsida\/","og_site_name":"Nordens huvudst\u00e4der","twitter_card":"summary_large_image","schema":{"@context":"https:\/\/schema.org","@graph":[{"@type":"WebPage","@id":"https:\/\/heidis.datanom.fi\/stader\/startsida\/","url":"https:\/\/heidis.datanom.fi\/stader\/startsida\/","name":"Startsida - Nordens huvudst\u00e4der","isPartOf":{"@id":"https:\/\/heidis.datanom.fi\/stader\/#website"},"datePublished":"2023-11-21T07:43:00+00:00","dateModified":"2023-11-21T07:43:00+00:00","breadcrumb":{"@id":"https:\/\/heidis.datanom.fi\/stader\/startsida\/#breadcrumb"},"inLanguage":"sv-SE","potentialAction":[{"@type":"ReadAction","target":["https:\/\/heidis.datanom.fi\/stader\/startsida\/"]}]},{"@type":"BreadcrumbList","@id":"https:\/\/heidis.datanom.fi\/stader\/startsida\/#breadcrumb","itemListElement":[{"@type":"ListItem","position":1,"name":"Hem","item":"https:\/\/heidis.datanom.fi\/stader\/"},{"@type":"ListItem","position":2,"name":"Startsida"}]},{"@type":"WebSite","@id":"https:\/\/heidis.datanom.fi\/stader\/#website","url":"https:\/\/heidis.datanom.fi\/stader\/","name":"Nordens huvudst\u00e4der","description":"","potentialAction":[{"@type":"SearchAction","target":{"@type":"EntryPoint","urlTemplate":"https:\/\/heidis.datanom.fi\/stader\/?s={search_term_string}"},"query-input":"required name=search_term_string"}],"inLanguage":"sv-SE"}]}},"_links":{"self":[{"href":"https:\/\/heidis.datanom.fi\/stader\/wp-json\/wp\/v2\/pages\/18","targetHints":{"allow":["GET"]}}],"collection":[{"href":"https:\/\/heidis.datanom.fi\/stader\/wp-json\/wp\/v2\/pages"}],"about":[{"href":"https:\/\/heidis.datanom.fi\/stader\/wp-json\/wp\/v2\/types\/page"}],"author":[{"embeddable":true,"href":"https:\/\/heidis.datanom.fi\/stader\/wp-json\/wp\/v2\/users\/1"}],"replies":[{"embeddable":true,"href":"https:\/\/heidis.datanom.fi\/stader\/wp-json\/wp\/v2\/comments?post=18"}],"version-history":[{"count":1,"href":"https:\/\/heidis.datanom.fi\/stader\/wp-json\/wp\/v2\/pages\/18\/revisions"}],"predecessor-version":[{"id":19,"href":"https:\/\/heidis.datanom.fi\/stader\/wp-json\/wp\/v2\/pages\/18\/revisions\/19"}],"wp:attachment":[{"href":"https:\/\/heidis.datanom.fi\/stader\/wp-json\/wp\/v2\/media?parent=18"}],"curies":[{"name":"wp","href":"https:\/\/api.w.org\/{rel}","templated":true}]}}