{"id":6,"date":"2023-11-21T08:26:09","date_gmt":"2023-11-21T07:26:09","guid":{"rendered":"http:\/\/heidis.datanom.fi\/stader\/?page_id=6"},"modified":"2023-11-28T09:38:24","modified_gmt":"2023-11-28T08:38:24","slug":"helsingfors","status":"publish","type":"page","link":"https:\/\/heidis.datanom.fi\/stader\/helsingfors\/","title":{"rendered":"Helsingfors"},"content":{"rendered":"\n<p><strong>Fakta om Helsingfors<\/strong><\/p>\n\n\n\n<p><a href=\"http:\/\/www.helsingfors.fi\"><strong>Helsingfors<\/strong><\/a> \u00e4r Finlands huvudstad. Med 588 695 inv\u00e5nare och \u00e4r Finlands st\u00f6rsta stad, bel\u00e4gen i landskapet Nyland, och bildar huvudstadsregionen (ocks\u00e5 kallad Storhelsingfors) med grannst\u00e4derna Esbo, Grankulla och Vanda, som tillsammans har \u00f6ver en miljon inv\u00e5nare.<\/p>\n\n\n\n<p>Huvudstaden som ligger vid Finska viken \u00e4r Finlands fr\u00e4msta sj\u00f6fartsstad och landets kommersiella centrum. Huvudstaden har v\u00e4ldigt goda f\u00f6rbindelser med Sankt Petersburg, Tallinn och Stockholm.[k\u00e4lla beh\u00f6vs] Staden \u00e4r \u00e4ven Finlands centrum f\u00f6r utbildning samt forskning och utveckling. Staden var tidigare en viktig industristad, men idag \u00e4r staden fr\u00e4mst ett s\u00e4te f\u00f6r huvudkontor f\u00f6r teknikbranschens f\u00f6retag. M\u00e5nga av Finlands viktigaste kulturinstitutioner finns \u00e4ven i Helsingfors.<\/p>\n\n\n<div class=\"wp-block-image\">\n<figure class=\"aligncenter size-full is-resized\"><img loading=\"lazy\" decoding=\"async\" width=\"90\" height=\"104\" src=\"http:\/\/heidis.datanom.fi\/stader\/wp-content\/uploads\/2023\/11\/helsingfors_vapen.png\" alt=\"\" class=\"wp-image-23\" style=\"width:138px;height:auto\"\/><\/figure>\n<\/div>","protected":false},"excerpt":{"rendered":"<p>Fakta om Helsingfors Helsingfors \u00e4r Finlands huvudstad. Med 588 695 inv\u00e5nare och \u00e4r Finlands st\u00f6rsta stad, bel\u00e4gen i landskapet Nyland, och bildar huvudstadsregionen (ocks\u00e5 kallad Storhelsingfors) med grannst\u00e4derna Esbo, Grankulla och Vanda, som tillsammans har \u00f6ver en miljon inv\u00e5nare. Huvudstaden som ligger vid Finska viken \u00e4r Finlands fr\u00e4msta sj\u00f6fartsstad och landets kommersiella centrum. Huvudstaden har [&hellip;]<\/p>\n","protected":false},"author":1,"featured_media":21,"parent":0,"menu_order":0,"comment_status":"closed","ping_status":"closed","template":"","meta":{"footnotes":""},"class_list":["post-6","page","type-page","status-publish","has-post-thumbnail","hentry"],"yoast_head":"<!-- This site is optimized with the Yoast SEO plugin v21.5 - https:\/\/yoast.com\/wordpress\/plugins\/seo\/ -->\n<title>Helsingfors - Nordens huvudst\u00e4der<\/title>\n<meta name=\"description\" content=\"Helsingfors \u00e4r Finlands huvudstad. Med 588 695 inv\u00e5nare \u00e4r den Finlands st\u00f6rsta stad, bel\u00e4gen i landskapet Nyland.\" \/>\n<meta name=\"robots\" content=\"index, follow, max-snippet:-1, max-image-preview:large, max-video-preview:-1\" \/>\n<link rel=\"canonical\" href=\"https:\/\/heidis.datanom.fi\/stader\/helsingfors\/\" \/>\n<meta property=\"og:locale\" content=\"sv_SE\" \/>\n<meta property=\"og:type\" content=\"article\" \/>\n<meta property=\"og:title\" content=\"Helsingfors - Nordens huvudst\u00e4der\" \/>\n<meta property=\"og:description\" content=\"Helsingfors \u00e4r Finlands huvudstad. Med 588 695 inv\u00e5nare \u00e4r den Finlands st\u00f6rsta stad, bel\u00e4gen i landskapet Nyland.\" \/>\n<meta property=\"og:url\" content=\"https:\/\/heidis.datanom.fi\/stader\/helsingfors\/\" \/>\n<meta property=\"og:site_name\" content=\"Nordens huvudst\u00e4der\" \/>\n<meta property=\"article:modified_time\" content=\"2023-11-28T08:38:24+00:00\" \/>\n<meta property=\"og:image\" content=\"https:\/\/heidis.datanom.fi\/stader\/wp-content\/uploads\/2023\/11\/helsingfors.jpg\" \/>\n\t<meta property=\"og:image:width\" content=\"1200\" \/>\n\t<meta property=\"og:image:height\" content=\"900\" \/>\n\t<meta property=\"og:image:type\" content=\"image\/jpeg\" \/>\n<meta name=\"twitter:card\" content=\"summary_large_image\" \/>\n<meta name=\"twitter:label1\" content=\"Ber\u00e4knad l\u00e4stid\" \/>\n\t<meta name=\"twitter:data1\" content=\"1 minut\" \/>\n<script type=\"application\/ld+json\" class=\"yoast-schema-graph\">{\"@context\":\"https:\/\/schema.org\",\"@graph\":[{\"@type\":\"WebPage\",\"@id\":\"https:\/\/heidis.datanom.fi\/stader\/helsingfors\/\",\"url\":\"https:\/\/heidis.datanom.fi\/stader\/helsingfors\/\",\"name\":\"Helsingfors - Nordens huvudst\u00e4der\",\"isPartOf\":{\"@id\":\"https:\/\/heidis.datanom.fi\/stader\/#website\"},\"datePublished\":\"2023-11-21T07:26:09+00:00\",\"dateModified\":\"2023-11-28T08:38:24+00:00\",\"description\":\"Helsingfors \u00e4r Finlands huvudstad. Med 588 695 inv\u00e5nare \u00e4r den Finlands st\u00f6rsta stad, bel\u00e4gen i landskapet Nyland.\",\"breadcrumb\":{\"@id\":\"https:\/\/heidis.datanom.fi\/stader\/helsingfors\/#breadcrumb\"},\"inLanguage\":\"sv-SE\",\"potentialAction\":[{\"@type\":\"ReadAction\",\"target\":[\"https:\/\/heidis.datanom.fi\/stader\/helsingfors\/\"]}]},{\"@type\":\"BreadcrumbList\",\"@id\":\"https:\/\/heidis.datanom.fi\/stader\/helsingfors\/#breadcrumb\",\"itemListElement\":[{\"@type\":\"ListItem\",\"position\":1,\"name\":\"Hem\",\"item\":\"https:\/\/heidis.datanom.fi\/stader\/\"},{\"@type\":\"ListItem\",\"position\":2,\"name\":\"Helsingfors\"}]},{\"@type\":\"WebSite\",\"@id\":\"https:\/\/heidis.datanom.fi\/stader\/#website\",\"url\":\"https:\/\/heidis.datanom.fi\/stader\/\",\"name\":\"Nordens huvudst\u00e4der\",\"description\":\"\",\"potentialAction\":[{\"@type\":\"SearchAction\",\"target\":{\"@type\":\"EntryPoint\",\"urlTemplate\":\"https:\/\/heidis.datanom.fi\/stader\/?s={search_term_string}\"},\"query-input\":\"required name=search_term_string\"}],\"inLanguage\":\"sv-SE\"}]}<\/script>\n<!-- \/ Yoast SEO plugin. -->","yoast_head_json":{"title":"Helsingfors - Nordens huvudst\u00e4der","description":"Helsingfors \u00e4r Finlands huvudstad. Med 588 695 inv\u00e5nare \u00e4r den Finlands st\u00f6rsta stad, bel\u00e4gen i landskapet Nyland.","robots":{"index":"index","follow":"follow","max-snippet":"max-snippet:-1","max-image-preview":"max-image-preview:large","max-video-preview":"max-video-preview:-1"},"canonical":"https:\/\/heidis.datanom.fi\/stader\/helsingfors\/","og_locale":"sv_SE","og_type":"article","og_title":"Helsingfors - Nordens huvudst\u00e4der","og_description":"Helsingfors \u00e4r Finlands huvudstad. Med 588 695 inv\u00e5nare \u00e4r den Finlands st\u00f6rsta stad, bel\u00e4gen i landskapet Nyland.","og_url":"https:\/\/heidis.datanom.fi\/stader\/helsingfors\/","og_site_name":"Nordens huvudst\u00e4der","article_modified_time":"2023-11-28T08:38:24+00:00","og_image":[{"width":1200,"height":900,"url":"https:\/\/heidis.datanom.fi\/stader\/wp-content\/uploads\/2023\/11\/helsingfors.jpg","type":"image\/jpeg"}],"twitter_card":"summary_large_image","twitter_misc":{"Ber\u00e4knad l\u00e4stid":"1 minut"},"schema":{"@context":"https:\/\/schema.org","@graph":[{"@type":"WebPage","@id":"https:\/\/heidis.datanom.fi\/stader\/helsingfors\/","url":"https:\/\/heidis.datanom.fi\/stader\/helsingfors\/","name":"Helsingfors - Nordens huvudst\u00e4der","isPartOf":{"@id":"https:\/\/heidis.datanom.fi\/stader\/#website"},"datePublished":"2023-11-21T07:26:09+00:00","dateModified":"2023-11-28T08:38:24+00:00","description":"Helsingfors \u00e4r Finlands huvudstad. Med 588 695 inv\u00e5nare \u00e4r den Finlands st\u00f6rsta stad, bel\u00e4gen i landskapet Nyland.","breadcrumb":{"@id":"https:\/\/heidis.datanom.fi\/stader\/helsingfors\/#breadcrumb"},"inLanguage":"sv-SE","potentialAction":[{"@type":"ReadAction","target":["https:\/\/heidis.datanom.fi\/stader\/helsingfors\/"]}]},{"@type":"BreadcrumbList","@id":"https:\/\/heidis.datanom.fi\/stader\/helsingfors\/#breadcrumb","itemListElement":[{"@type":"ListItem","position":1,"name":"Hem","item":"https:\/\/heidis.datanom.fi\/stader\/"},{"@type":"ListItem","position":2,"name":"Helsingfors"}]},{"@type":"WebSite","@id":"https:\/\/heidis.datanom.fi\/stader\/#website","url":"https:\/\/heidis.datanom.fi\/stader\/","name":"Nordens huvudst\u00e4der","description":"","potentialAction":[{"@type":"SearchAction","target":{"@type":"EntryPoint","urlTemplate":"https:\/\/heidis.datanom.fi\/stader\/?s={search_term_string}"},"query-input":"required name=search_term_string"}],"inLanguage":"sv-SE"}]}},"_links":{"self":[{"href":"https:\/\/heidis.datanom.fi\/stader\/wp-json\/wp\/v2\/pages\/6","targetHints":{"allow":["GET"]}}],"collection":[{"href":"https:\/\/heidis.datanom.fi\/stader\/wp-json\/wp\/v2\/pages"}],"about":[{"href":"https:\/\/heidis.datanom.fi\/stader\/wp-json\/wp\/v2\/types\/page"}],"author":[{"embeddable":true,"href":"https:\/\/heidis.datanom.fi\/stader\/wp-json\/wp\/v2\/users\/1"}],"replies":[{"embeddable":true,"href":"https:\/\/heidis.datanom.fi\/stader\/wp-json\/wp\/v2\/comments?post=6"}],"version-history":[{"count":5,"href":"https:\/\/heidis.datanom.fi\/stader\/wp-json\/wp\/v2\/pages\/6\/revisions"}],"predecessor-version":[{"id":146,"href":"https:\/\/heidis.datanom.fi\/stader\/wp-json\/wp\/v2\/pages\/6\/revisions\/146"}],"wp:featuredmedia":[{"embeddable":true,"href":"https:\/\/heidis.datanom.fi\/stader\/wp-json\/wp\/v2\/media\/21"}],"wp:attachment":[{"href":"https:\/\/heidis.datanom.fi\/stader\/wp-json\/wp\/v2\/media?parent=6"}],"curies":[{"name":"wp","href":"https:\/\/api.w.org\/{rel}","templated":true}]}}